{"id":1274,"date":"2015-10-21T07:42:32","date_gmt":"2015-10-21T07:42:32","guid":{"rendered":"http:\/\/logistics.stylemixthemes.com\/\/?page_id=2"},"modified":"2025-06-26T20:58:34","modified_gmt":"2025-06-26T20:58:34","slug":"home","status":"publish","type":"page","link":"https:\/\/gruasalajuela.com\/","title":{"rendered":"Home"},"content":{"rendered":"<div class=\"wpb-content-wrapper\"><p>[vc_row][vc_column]\n\t\t\t\t<p class=\"rs-p-wp-fix\"><\/p>\n\t\t\t\t<sr7-module data-alias=\"main_slider\" data-id=\"1\" id=\"SR7_1_1\" class=\"rs-ov-hidden\" data-version=\"6.7.16\">\n\t\t\t\t\t<sr7-adjuster><\/sr7-adjuster>\n\t\t\t\t\t<sr7-content>\n\t\t\t\t\t\t<sr7-slide id=\"SR7_1_1-1\" data-key=\"1\">\n\t\t\t\t\t\t\t<sr7-bg id=\"SR7_1_1-1-10\" class=\"sr7-layer\"><noscript><img decoding=\"async\" src=\"https:\/\/gruasalajuela.com\/wp-content\/uploads\/2025\/06\/Imagen-de-WhatsApp-2025-06-23-a-las-18.51.29_895659ce.jpg\" alt=\"\" title=\"Imagen de WhatsApp 2025-06-23 a las 18.51.29_895659ce\"><\/noscript><\/sr7-bg>\n\t\t\t\t\t\t\t<sr7-txt id=\"SR7_1_1-1-2\" class=\"sr7-layer\">TRANSPORTE DE<br\/>CARGA<\/sr7-txt>\n\t\t\t\t\t\t\t<p id=\"SR7_1_1-1-6\" class=\"sr7-layer\"> Tel\u00e9fono:. 6273 -1111 <br\/><\/p>\n\t\t\t\t\t\t<\/sr7-slide>\n\t\t\t\t\t\t<sr7-slide class=\"overlay\" id=\"SR7_1_1-2\" data-key=\"2\">\n\t\t\t\t\t\t\t<sr7-bg id=\"SR7_1_1-2-10\" class=\"sr7-layer\"><noscript><img decoding=\"async\" src=\"https:\/\/gruasalajuela.com\/wp-content\/uploads\/2025\/06\/Imagen-de-WhatsApp-2025-06-23-a-las-18.51.00_261c4b1f.jpg\" alt=\"\" title=\"Imagen de WhatsApp 2025-06-23 a las 18.51.00_261c4b1f\"><\/noscript><\/sr7-bg>\n\t\t\t\t\t\t\t<sr7-txt id=\"SR7_1_1-2-2\" class=\"sr7-layer\">ASISTENCIA VIAL <br\/>EN CARRETERA<\/sr7-txt>\n\t\t\t\t\t\t\t<p id=\"SR7_1_1-2-6\" class=\"sr7-layer\">Tel\u00e9fono:. 6273-1111 <br\/><\/p>\n\t\t\t\t\t\t<\/sr7-slide>\n\t\t\t\t\t\t<sr7-slide class=\"overlay\" id=\"SR7_1_1-3\" data-key=\"3\">\n\t\t\t\t\t\t\t<sr7-bg id=\"SR7_1_1-3-10\" class=\"sr7-layer\"><noscript><img decoding=\"async\" src=\"https:\/\/gruasalajuela.com\/wp-content\/uploads\/2025\/06\/Imagen-de-WhatsApp-2025-06-23-a-las-18.51.08_603077a9.jpg\" alt=\"\" title=\"Imagen de WhatsApp 2025-06-23 a las 18.51.08_603077a9\"><\/noscript><\/sr7-bg>\n\t\t\t\t\t\t\t<sr7-txt id=\"SR7_1_1-3-2\" class=\"sr7-layer\">RESCATE<br\/>VIAL<\/sr7-txt>\n\t\t\t\t\t\t\t<p id=\"SR7_1_1-3-6\" class=\"sr7-layer\">Tel\u00e9fono:. 6272-1111 <br\/><\/p>\n\t\t\t\t\t\t<\/sr7-slide>\n\t\t\t\t\t\t<sr7-slide class=\"overlay\" id=\"SR7_1_1-4\" data-key=\"4\">\n\t\t\t\t\t\t\t<sr7-bg id=\"SR7_1_1-4-10\" class=\"sr7-layer\"><noscript><img decoding=\"async\" src=\"https:\/\/gruasalajuela.com\/wp-content\/uploads\/2025\/06\/Imagen-de-WhatsApp-2025-06-23-a-las-18.51.11_2d430499.jpg\" alt=\"\" title=\"Imagen de WhatsApp 2025-06-23 a las 18.51.11_2d430499\"><\/noscript><\/sr7-bg>\n\t\t\t\t\t\t\t<sr7-txt id=\"SR7_1_1-4-2\" class=\"sr7-layer\">SOMOS<br\/>TU MEJOR OPCION<\/sr7-txt>\n\t\t\t\t\t\t\t<p id=\"SR7_1_1-4-6\" class=\"sr7-layer\">100% Costarricenses<br\/><\/p>\n\t\t\t\t\t\t<\/sr7-slide>\n\t\t\t\t\t\t<sr7-slide id=\"SR7_1_1-12\" data-key=\"12\">\n\t\t\t\t\t\t<\/sr7-slide>\n\t\t\t\t\t<\/sr7-content>\n\t\t\t\t\t<image_lists style=\"display:none\">\n\t\t\t\t\t\t<img data-src=\"\/\/gruasalajuela.com\/wp-content\/uploads\/2025\/06\/Imagen-de-WhatsApp-2025-06-23-a-las-18.51.29_895659ce.jpg\" data-libid=\"1314\" data-lib=\"medialibrary\" title=\"Imagen de WhatsApp 2025-06-23 a las 18.51.29_895659ce\" width=\"0\" height=\"0\" data-dbsrc=\"Ly9ncnVhc2FsYWp1ZWxhLmNvbS93cC1jb250ZW50L3VwbG9hZHMvMjAyNS8wNi9JbWFnZW4tZGUtV2hhdHNBcHAtMjAyNS0wNi0yMy1hLWxhcy0xOC41MS4yOV84OTU2NTljZS5qcGc=\"\/>\n\t\t\t\t\t\t<img data-src=\"\/\/gruasalajuela.com\/wp-content\/uploads\/2025\/06\/Imagen-de-WhatsApp-2025-06-23-a-las-18.51.00_261c4b1f.jpg\" data-libid=\"1315\" data-lib=\"medialibrary\" title=\"Imagen de WhatsApp 2025-06-23 a las 18.51.00_261c4b1f\" width=\"0\" height=\"0\" data-dbsrc=\"Ly9ncnVhc2FsYWp1ZWxhLmNvbS93cC1jb250ZW50L3VwbG9hZHMvMjAyNS8wNi9JbWFnZW4tZGUtV2hhdHNBcHAtMjAyNS0wNi0yMy1hLWxhcy0xOC41MS4wMF8yNjFjNGIxZi5qcGc=\"\/>\n\t\t\t\t\t\t<img data-src=\"\/\/gruasalajuela.com\/wp-content\/uploads\/2025\/06\/Imagen-de-WhatsApp-2025-06-23-a-las-18.51.08_603077a9.jpg\" data-libid=\"1316\" data-lib=\"medialibrary\" title=\"Imagen de WhatsApp 2025-06-23 a las 18.51.08_603077a9\" width=\"0\" height=\"0\" data-dbsrc=\"Ly9ncnVhc2FsYWp1ZWxhLmNvbS93cC1jb250ZW50L3VwbG9hZHMvMjAyNS8wNi9JbWFnZW4tZGUtV2hhdHNBcHAtMjAyNS0wNi0yMy1hLWxhcy0xOC41MS4wOF82MDMwNzdhOS5qcGc=\"\/>\n\t\t\t\t\t\t<img data-src=\"\/\/gruasalajuela.com\/wp-content\/uploads\/2025\/06\/Imagen-de-WhatsApp-2025-06-23-a-las-18.51.11_2d430499.jpg\" data-libid=\"1317\" data-lib=\"medialibrary\" title=\"Imagen de WhatsApp 2025-06-23 a las 18.51.11_2d430499\" width=\"0\" height=\"0\" data-dbsrc=\"Ly9ncnVhc2FsYWp1ZWxhLmNvbS93cC1jb250ZW50L3VwbG9hZHMvMjAyNS8wNi9JbWFnZW4tZGUtV2hhdHNBcHAtMjAyNS0wNi0yMy1hLWxhcy0xOC41MS4xMV8yZDQzMDQ5OS5qcGc=\"\/>\n\t\t\t\t\t<\/image_lists>\n\t\t\t\t<\/sr7-module>\n\t\t\t\t<script>\n\t\t\t\t\tSR7.PMH ??={}; SR7.PMH[\"SR7_1_1\"] = {cn:0,state:false,fn: function() { if (_tpt!==undefined && _tpt.prepareModuleHeight !== undefined) {  _tpt.prepareModuleHeight({id:\"SR7_1_1\",el:[900,900,768,960,720],type:'standard',shdw:'0',gh:[900,900,808,614,379],gw:[1140,1140,1024,778,480],vpt:['100px'],size:{fullWidth:true, fullHeight:false},mh:'0',onh:0,onw:0,bg:{color:'{\"type\":\"solid\",\"orig\":\"#ffffff\",\"string\":\"rgba(255, 255, 255, 1)\"}'},plType:'2',plColor:'#34ccff'});   SR7.PMH[\"SR7_1_1\"].state=true;} else if((SR7.PMH[\"SR7_1_1\"].cn++)<100)\tsetTimeout( SR7.PMH[\"SR7_1_1\"].fn,19);}};SR7.PMH[\"SR7_1_1\" ].fn();\n\t\t\t\t<\/script>\n[\/vc_column][\/vc_row][vc_row full_width=\u00bbstretch_row\u00bb el_class=\u00bbbase_bg_color no_overflow_hidden\u00bb css=\u00bb.vc_custom_1448432556856{margin-bottom: 80px !important;}\u00bb][vc_column width=\u00bb1\/4&#8243; offset=\u00bbvc_hidden-xs\u00bb][stm_rev_slider_nav title=\u00bbServicio Carga\u00bb icon=\u00bbstm-transport871&#8243; slide_number=\u00bb1&#8243;][\/vc_column][vc_column width=\u00bb1\/4&#8243; offset=\u00bbvc_hidden-xs\u00bb][stm_rev_slider_nav title=\u00bbAsistencia Vial\u00bb icon=\u00bbstm-car59&#8243; slide_number=\u00bb2&#8243;][\/vc_column][vc_column width=\u00bb1\/4&#8243; offset=\u00bbvc_hidden-xs\u00bb][stm_rev_slider_nav title=\u00bbPaso de combustible\u00bb icon=\u00bbstm-transport848&#8243; slide_number=\u00bb3&#8243;][\/vc_column][vc_column width=\u00bb1\/4&#8243; offset=\u00bbvc_hidden-xs\u00bb][stm_rev_slider_nav title=\u00bbRescate Vial\u00bb icon=\u00bbstm-transport861&#8243; slide_number=\u00bb4&#8243;][\/vc_column][\/vc_row][vc_row css=\u00bb.vc_custom_1450264294682{margin-bottom: 80px !important;}\u00bb][vc_column offset=\u00bbvc_col-lg-6 vc_col-md-6&#8243;][vc_column_text css=\u00bb\u00bb]<\/p>\n<h2><span style=\"font-weight: 300;\">MISION<\/span><\/h2>\n<p>Brindar un excelente servicio de transporte confiable, eficiente y rentable a cualquier parte del territorio nacional m\u00e1s all\u00e1 de las expectativas del cliente, haciendo posible el traslado tanto de veh\u00edculos livianos, como semipesados, mercanc\u00edas aduanales, maquinaria industrial, y agr\u00edcola, entre otros.<\/p>\n<h2><span style=\"font-weight: 300;\">VISI\u00d3N<\/span><\/h2>\n<p>Ser una empresa l\u00edder en el traslado de diferentes cargas terrestres, gracias al compromiso adquirido con nuestros actuales clientes y todos aquellos que nos requieran en el futuro.[\/vc_column_text][vc_row_inner][vc_column_inner width=\u00bb1\/2&#8243;][vc_column_text css=\u00bb\u00bb]<strong>ALEJANDRO CORRALES<br \/>\n<\/strong><small>Propietario<\/small>[\/vc_column_text][\/vc_column_inner][vc_column_inner width=\u00bb1\/2&#8243;][vc_single_image image=\u00bb1309&#8243; img_size=\u00bbfull\u00bb css=\u00bb.vc_custom_1750893860728{padding-top: 5px !important;}\u00bb][\/vc_column_inner][\/vc_row_inner][\/vc_column][vc_column offset=\u00bbvc_col-lg-6 vc_col-md-6 vc_hidden-sm vc_hidden-xs\u00bb][stm_video_popup image=\u00bb1327&#8243; video=\u00bbhttps:\/\/player.vimeo.com\/video\/96318607?autoplay=1&#8243;][\/vc_column][\/vc_row][vc_row full_width=\u00bbstretch_row\u00bb css=\u00bb.vc_custom_1450270522171{margin-bottom: 0px !important;padding-top: 40px !important;padding-bottom: 14px !important;}\u00bb el_class=\u00bbsecondary_bg_color\u00bb][vc_column width=\u00bb1\/2&#8243; offset=\u00bbvc_col-lg-3 vc_col-md-3&#8243; css=\u00bb.vc_custom_1449142338264{margin-bottom: 30px !important;}\u00bb][stm_counter counter_value=\u00bb4320&#8243; drawing=\u00bbyes\u00bb icon_width_svg=\u00bb65&#8243; icon_size=\u00bb64&#8243; title=\u00bbTransportes realizados\u00bb drawing_icon=\u00bbstm-projects-done\u00bb icon_color=\u00bb#ffffff\u00bb][\/vc_column][vc_column width=\u00bb1\/2&#8243; offset=\u00bbvc_col-lg-3 vc_col-md-3&#8243; css=\u00bb.vc_custom_1449142329000{margin-bottom: 30px !important;}\u00bb][stm_counter counter_value=\u00bb450&#8243; drawing=\u00bbyes\u00bb icon_width_svg=\u00bb64&#8243; icon_size=\u00bb68&#8243; title=\u00bbClientes satisfechos\u00bb drawing_icon=\u00bbstm-people-in-team\u00bb icon_color=\u00bb#ffffff\u00bb][\/vc_column][vc_column width=\u00bb1\/2&#8243; offset=\u00bbvc_col-lg-3 vc_col-md-3&#8243; css=\u00bb.vc_custom_1449142343672{margin-bottom: 30px !important;}\u00bb][stm_counter counter_value=\u00bb345&#8243; drawing=\u00bbyes\u00bb icon_width=\u00bb80&#8243; icon_width_svg=\u00bb52&#8243; icon_size=\u00bb67&#8243; title=\u00bbMultiples Viajes\u00bb drawing_icon=\u00bbstm-owned-vehicles\u00bb icon_color=\u00bb#ffffff\u00bb][\/vc_column][vc_column width=\u00bb1\/2&#8243; offset=\u00bbvc_col-lg-3 vc_col-md-3&#8243; css=\u00bb.vc_custom_1449142350247{margin-bottom: 30px !important;}\u00bb][stm_counter counter_value=\u00bb2114&#8243; drawing=\u00bbyes\u00bb icon_width=\u00bb100&#8243; icon_width_svg=\u00bb68&#8243; icon_size=\u00bb67&#8243; title=\u00bbCargas recibidas\u00bb drawing_icon=\u00bbstm-packaging-and-storage\u00bb icon_color=\u00bb#ffffff\u00bb][\/vc_column][\/vc_row][vc_row full_width=\u00bbstretch_row\u00bb css=\u00bb.vc_custom_1450269319951{margin-bottom: 0px !important;padding-top: 80px !important;padding-bottom: 80px !important;}\u00bb el_class=\u00bbbase_bg_color\u00bb][vc_column][stm_services posts_per_page=\u00bb12&#8243; autoplay=\u00bbyes\u00bb items_tablet=\u00bb3&#8243; items_normal=\u00bb\u00bb items_small=\u00bb\u00bb]<\/p>\n<h2><span style=\"color: #ffffff; font-weight: 300;\">Nuestros Servicios<\/span><\/h2>\n<p>Somos una empresa especializada en transporte de carga y asistencia vial en carretera, adem\u00e1s nos caracterizamos por siempre brindar un servicio apegado a nuestros valores e ideas que nos han identificado atravez de los a\u00f1os.[\/stm_services][\/vc_column][\/vc_row][vc_row full_width=\u00bbstretch_row\u00bb equal_height=\u00bbyes\u00bb parallax=\u00bbcontent-moving\u00bb parallax_image=\u00bb258&#8243; el_class=\u00bbconvert_to_table overlay\u00bb css=\u00bb.vc_custom_1450765517736{margin-bottom: 80px !important;}\u00bb][vc_column width=\u00bb7\/12&#8243; css=\u00bb.vc_custom_1450330273622{padding-top: 60px !important;padding-right: 0px !important;padding-bottom: 60px !important;}\u00bb][vc_custom_heading text=\u00bbLlega a tu destino 100% seguro y a salvo\u00bb use_theme_fonts=\u00bbyes\u00bb css=\u00bb\u00bb el_class=\u00bbbase_font_color heading_without_line\u00bb][vc_column_text css=\u00bb\u00bb]<span style=\"color: #404040;\">Cont\u00e1ctenos ser\u00e1 un gusto poder atenderle.<\/span>[\/vc_column_text][vc_btn title=\u00bbCont\u00e1ctanos\u00bb style=\u00bbflat\u00bb shape=\u00bbround\u00bb color=\u00bbtheme_style_3&#8243; i_align=\u00bbright\u00bb i_icon_fontawesome=\u00bbstm-arrow-next\u00bb css=\u00bb\u00bb add_icon=\u00bbtrue\u00bb link=\u00bburl:https%3A%2F%2Fwa.me%2F0050662731111%2F%3Ftext%3DEn%2520que%2520podemos%2520servirle|target:_blank\u00bb][\/vc_column][vc_column width=\u00bb5\/12&#8243; css=\u00bb.vc_custom_1450765525367{background-position: center !important;background-repeat: no-repeat !important;background-size: contain !important;}\u00bb offset=\u00bbvc_hidden-md vc_hidden-sm vc_hidden-xs\u00bb][\/vc_column][\/vc_row][vc_row css=\u00bb.vc_custom_1450356867512{margin-bottom: 0px !important;padding-top: 53px !important;padding-bottom: 53px !important;}\u00bb][vc_column][stm_image_carousel grayscale=\u00bbyes\u00bb img_size=\u00bbfull\u00bb autoplay=\u00bbyes\u00bb items_mobile=\u00bb2&#8243; images=\u00bb1332,1333,1334,1335,1337,1338&#8243;][\/vc_column][\/vc_row][vc_row full_width=\u00bbstretch_row\u00bb equal_height=\u00bbyes\u00bb css=\u00bb.vc_custom_1450446724850{margin-bottom: 0px !important;margin-left: 0px !important;background-color: #f7f7f7 !important;}\u00bb el_class=\u00bbreset-sm-paddings\u00bb][vc_column css=\u00bb.vc_custom_1450444940366{padding-top: 80px !important;padding-bottom: 31px !important;}\u00bb offset=\u00bbvc_col-lg-5 vc_col-md-6&#8243;][vc_custom_heading text=\u00bb\u00bfAcerca de nosotros?\u00bb use_theme_fonts=\u00bbyes\u00bb css=\u00bb\u00bb][vc_column_text css=\u00bb\u00bb]Todos nuestros valores est\u00e1n completamente ligados a nuestro trabajo[\/vc_column_text][vc_row_inner css=\u00bb.vc_custom_1449127190171{margin-bottom: 0px !important;}\u00bb el_class=\u00bbreset-sm-paddings\u00bb][vc_column_inner width=\u00bb1\/2&#8243; css=\u00bb.vc_custom_1450423994691{margin-bottom: 44px !important;}\u00bb offset=\u00bbvc_col-xs-12&#8243;][stm_icon drawing=\u00bbyes\u00bb icon_position=\u00bbicon_position_left\u00bb icon_width_svg=\u00bb68&#8243; icon_size=\u00bb71&#8243; icon_width=\u00bb95&#8243; title_font_size=\u00bb14&#8243; title_font_weight=\u00bb600&#8243; title=\u00bbProfesionalismo\u00bb drawing_icon=\u00bbstm-people-in-team\u00bb][\/vc_column_inner][vc_column_inner width=\u00bb1\/2&#8243; css=\u00bb.vc_custom_1450423999162{margin-bottom: 44px !important;}\u00bb offset=\u00bbvc_col-xs-12&#8243;][stm_icon drawing=\u00bbyes\u00bb icon_position=\u00bbicon_position_left\u00bb icon_width_svg=\u00bb71&#8243; icon_size=\u00bb64&#8243; icon_width=\u00bb95&#8243; title_font_size=\u00bb14&#8243; title_font_weight=\u00bb600&#8243; title=\u00bbConfianza\u00bb drawing_icon=\u00bbstm-projects-done\u00bb][\/vc_column_inner][\/vc_row_inner][vc_row_inner css=\u00bb.vc_custom_1449127193884{margin-bottom: 0px !important;}\u00bb el_class=\u00bbreset-sm-paddings\u00bb][vc_column_inner width=\u00bb1\/2&#8243; css=\u00bb.vc_custom_1450424067703{margin-bottom: 44px !important;}\u00bb offset=\u00bbvc_col-xs-12&#8243;][stm_icon drawing=\u00bbyes\u00bb icon_position=\u00bbicon_position_left\u00bb icon_width_svg=\u00bb72&#8243; icon_size=\u00bb51&#8243; icon_width=\u00bb95&#8243; title_font_size=\u00bb14&#8243; title_font_weight=\u00bb600&#8243; title=\u00bbResponsabilidad\u00bb drawing_icon=\u00bbstm-ground-transport\u00bb][\/vc_column_inner][vc_column_inner width=\u00bb1\/2&#8243; css=\u00bb.vc_custom_1450424075450{margin-bottom: 44px !important;}\u00bb offset=\u00bbvc_col-xs-12&#8243;][stm_icon drawing=\u00bbyes\u00bb icon_position=\u00bbicon_position_left\u00bb icon_width_svg=\u00bb77&#8243; icon_size=\u00bb50&#8243; icon_width=\u00bb95&#8243; title_font_size=\u00bb14&#8243; title_font_weight=\u00bb600&#8243; title=\u00bbCalidad\u00bb drawing_icon=\u00bbstm-clients-worldwide\u00bb][\/vc_column_inner][\/vc_row_inner][\/vc_column][vc_column offset=\u00bbvc_col-lg-7 vc_col-md-6&#8243; css=\u00bb.vc_custom_1450444946350{padding-left: 45px !important;}\u00bb][vc_row_inner el_class=\u00bbreset-sm-paddings\u00bb][vc_column_inner el_class=\u00bbbase_bg_color\u00bb css=\u00bb.vc_custom_1450423858601{padding-top: 80px !important;padding-right: 40px !important;padding-bottom: 50px !important;padding-left: 40px !important;}\u00bb][vc_custom_heading text=\u00bbCont\u00e1ctenos\u00bb font_container=\u00bbtag:h2|text_align:left|color:%23ffffff\u00bb use_theme_fonts=\u00bbyes\u00bb css=\u00bb\u00bb]\n<div class=\"wpcf7 no-js\" id=\"wpcf7-f8-o1\" lang=\"en-US\" dir=\"ltr\" data-wpcf7-id=\"8\">\n<div class=\"screen-reader-response\"><p role=\"status\" aria-live=\"polite\" aria-atomic=\"true\"><\/p> <ul><\/ul><\/div>\n<form action=\"\/index.php?rest_route=%2Fwp%2Fv2%2Fpages%2F1274#wpcf7-f8-o1\" method=\"post\" class=\"wpcf7-form init\" aria-label=\"Contact form\" novalidate=\"novalidate\" data-status=\"init\">\n<div style=\"display: none;\">\n<input type=\"hidden\" name=\"_wpcf7\" value=\"8\" \/>\n<input type=\"hidden\" name=\"_wpcf7_version\" value=\"6.0.6\" \/>\n<input type=\"hidden\" name=\"_wpcf7_locale\" value=\"en_US\" \/>\n<input type=\"hidden\" name=\"_wpcf7_unit_tag\" value=\"wpcf7-f8-o1\" \/>\n<input type=\"hidden\" name=\"_wpcf7_container_post\" value=\"0\" \/>\n<input type=\"hidden\" name=\"_wpcf7_posted_data_hash\" value=\"\" \/>\n<\/div>\n<p><label> Nombre<br \/>\n<span class=\"wpcf7-form-control-wrap\" data-name=\"your-name\"><input size=\"40\" maxlength=\"400\" class=\"wpcf7-form-control wpcf7-text wpcf7-validates-as-required\" aria-required=\"true\" aria-invalid=\"false\" value=\"\" type=\"text\" name=\"your-name\" \/><\/span> <\/label>\n<\/p>\n<p><label> Correo electr\u00f3nico<br \/>\n<span class=\"wpcf7-form-control-wrap\" data-name=\"your-email\"><input size=\"40\" maxlength=\"400\" class=\"wpcf7-form-control wpcf7-email wpcf7-validates-as-required wpcf7-text wpcf7-validates-as-email\" aria-required=\"true\" aria-invalid=\"false\" value=\"\" type=\"email\" name=\"your-email\" \/><\/span> <\/label>\n<\/p>\n<p><label> Tema<br \/>\n<span class=\"wpcf7-form-control-wrap\" data-name=\"your-subject\"><input size=\"40\" maxlength=\"400\" class=\"wpcf7-form-control wpcf7-text wpcf7-validates-as-required\" aria-required=\"true\" aria-invalid=\"false\" value=\"\" type=\"text\" name=\"your-subject\" \/><\/span> <\/label>\n<\/p>\n<p><label> Mensaje (optional)<br \/>\n<span class=\"wpcf7-form-control-wrap\" data-name=\"your-message\"><textarea cols=\"40\" rows=\"10\" maxlength=\"2000\" class=\"wpcf7-form-control wpcf7-textarea\" aria-invalid=\"false\" name=\"your-message\"><\/textarea><\/span> <\/label>\n<\/p>\n<p><input class=\"wpcf7-form-control wpcf7-submit has-spinner\" type=\"submit\" value=\"Enviar\" \/>\n<\/p><div class=\"wpcf7-response-output\" aria-hidden=\"true\"><\/div>\n<\/form>\n<\/div>\n[\/vc_column_inner][\/vc_row_inner][\/vc_column][\/vc_row]<\/p>\n<\/div>","protected":false},"excerpt":{"rendered":"<p>[vc_row][vc_column][\/vc_column][\/vc_row][vc_row full_width=\u00bbstretch_row\u00bb el_class=\u00bbbase_bg_color no_overflow_hidden\u00bb css=\u00bb.vc_custom_1448432556856{margin-bottom: 80px !important;}\u00bb][vc_column width=\u00bb1\/4&#8243; offset=\u00bbvc_hidden-xs\u00bb][stm_rev_slider_nav title=\u00bbServicio Carga\u00bb icon=\u00bbstm-transport871&#8243; slide_number=\u00bb1&#8243;][\/vc_column][vc_column width=\u00bb1\/4&#8243; offset=\u00bbvc_hidden-xs\u00bb][stm_rev_slider_nav title=\u00bbAsistencia Vial\u00bb icon=\u00bbstm-car59&#8243; slide_number=\u00bb2&#8243;][\/vc_column][vc_column width=\u00bb1\/4&#8243; offset=\u00bbvc_hidden-xs\u00bb][stm_rev_slider_nav title=\u00bbPaso de combustible\u00bb icon=\u00bbstm-transport848&#8243; slide_number=\u00bb3&#8243;][\/vc_column][vc_column width=\u00bb1\/4&#8243; offset=\u00bbvc_hidden-xs\u00bb][stm_rev_slider_nav title=\u00bbRescate Vial\u00bb icon=\u00bbstm-transport861&#8243; slide_number=\u00bb4&#8243;][\/vc_column][\/vc_row][vc_row css=\u00bb.vc_custom_1450264294682{margin-bottom:&#8230;<\/p>\n","protected":false},"author":1,"featured_media":0,"parent":0,"menu_order":0,"comment_status":"closed","ping_status":"open","template":"","meta":{"footnotes":""},"class_list":["post-1274","page","type-page","status-publish","hentry"],"_links":{"self":[{"href":"https:\/\/gruasalajuela.com\/index.php?rest_route=\/wp\/v2\/pages\/1274","targetHints":{"allow":["GET"]}}],"collection":[{"href":"https:\/\/gruasalajuela.com\/index.php?rest_route=\/wp\/v2\/pages"}],"about":[{"href":"https:\/\/gruasalajuela.com\/index.php?rest_route=\/wp\/v2\/types\/page"}],"author":[{"embeddable":true,"href":"https:\/\/gruasalajuela.com\/index.php?rest_route=\/wp\/v2\/users\/1"}],"replies":[{"embeddable":true,"href":"https:\/\/gruasalajuela.com\/index.php?rest_route=%2Fwp%2Fv2%2Fcomments&post=1274"}],"version-history":[{"count":13,"href":"https:\/\/gruasalajuela.com\/index.php?rest_route=\/wp\/v2\/pages\/1274\/revisions"}],"predecessor-version":[{"id":1366,"href":"https:\/\/gruasalajuela.com\/index.php?rest_route=\/wp\/v2\/pages\/1274\/revisions\/1366"}],"wp:attachment":[{"href":"https:\/\/gruasalajuela.com\/index.php?rest_route=%2Fwp%2Fv2%2Fmedia&parent=1274"}],"curies":[{"name":"wp","href":"https:\/\/api.w.org\/{rel}","templated":true}]}}